{"id":104,"date":"2025-12-14T22:46:54","date_gmt":"2025-12-14T22:46:54","guid":{"rendered":"https:\/\/startanglo.wpenginepowered.com\/?page_id=104"},"modified":"2025-12-29T14:45:25","modified_gmt":"2025-12-29T14:45:25","slug":"gestao-escolar","status":"publish","type":"page","link":"https:\/\/startangloschool.com.br\/?page_id=104","title":{"rendered":"Gest\u00e3o Escolar"},"content":{"rendered":"\t\t<div data-elementor-type=\"wp-page\" data-elementor-id=\"104\" class=\"elementor elementor-104\" data-elementor-post-type=\"page\">\n\t\t\t\t<div class=\"elementor-element elementor-element-0a08695 e-con-full e-flex e-con e-parent\" data-id=\"0a08695\" data-element_type=\"container\" data-settings=\"{&quot;background_background&quot;:&quot;classic&quot;}\">\n\t\t\t\t<div class=\"elementor-element elementor-element-bdb768f elementor-hidden-mobile elementor-widget elementor-widget-image\" data-id=\"bdb768f\" data-element_type=\"widget\" data-widget_type=\"image.default\">\n\t\t\t\t\t\t\t\t\t\t\t\t\t\t\t<img fetchpriority=\"high\" decoding=\"async\" width=\"800\" height=\"313\" src=\"https:\/\/startangloschool.com.br\/wp-content\/uploads\/2025\/12\/start_anglo13-1024x400.webp\" class=\"attachment-large size-large wp-image-105\" alt=\"\" srcset=\"https:\/\/startangloschool.com.br\/wp-content\/uploads\/2025\/12\/start_anglo13-1024x400.webp 1024w, https:\/\/startangloschool.com.br\/wp-content\/uploads\/2025\/12\/start_anglo13-300x117.webp 300w, https:\/\/startangloschool.com.br\/wp-content\/uploads\/2025\/12\/start_anglo13-768x300.webp 768w, https:\/\/startangloschool.com.br\/wp-content\/uploads\/2025\/12\/start_anglo13-1536x600.webp 1536w, https:\/\/startangloschool.com.br\/wp-content\/uploads\/2025\/12\/start_anglo13.webp 1920w\" sizes=\"(max-width: 800px) 100vw, 800px\" \/>\t\t\t\t\t\t\t\t\t\t\t\t\t\t\t<\/div>\n\t\t\t\t<div class=\"elementor-element elementor-element-07313c5 elementor-hidden-desktop elementor-hidden-tablet elementor-widget elementor-widget-image\" data-id=\"07313c5\" data-element_type=\"widget\" data-widget_type=\"image.default\">\n\t\t\t\t\t\t\t\t\t\t\t\t\t\t\t<img decoding=\"async\" width=\"480\" height=\"800\" src=\"https:\/\/startangloschool.com.br\/wp-content\/uploads\/2025\/12\/start_anglo14.webp\" class=\"attachment-large size-large wp-image-106\" alt=\"\" srcset=\"https:\/\/startangloschool.com.br\/wp-content\/uploads\/2025\/12\/start_anglo14.webp 480w, https:\/\/startangloschool.com.br\/wp-content\/uploads\/2025\/12\/start_anglo14-180x300.webp 180w\" sizes=\"(max-width: 480px) 100vw, 480px\" \/>\t\t\t\t\t\t\t\t\t\t\t\t\t\t\t<\/div>\n\t\t\t\t<\/div>\n\t\t<div class=\"elementor-element elementor-element-9b91745 e-con-full e-flex e-con e-parent\" data-id=\"9b91745\" data-element_type=\"container\" id=\"tecnologia\">\n\t\t<div class=\"elementor-element elementor-element-1c932e0 e-flex e-con-boxed e-con e-child\" data-id=\"1c932e0\" data-element_type=\"container\">\n\t\t\t\t\t<div class=\"e-con-inner\">\n\t\t\t\t<div class=\"elementor-element elementor-element-c8042c9 elementor-widget elementor-widget-heading\" data-id=\"c8042c9\" data-element_type=\"widget\" data-widget_type=\"heading.default\">\n\t\t\t\t\t<h2 class=\"elementor-heading-title elementor-size-default\">GEST\u00c3O PARA ESCOLAS<\/h2>\t\t\t\t<\/div>\n\t\t\t\t<div class=\"elementor-element elementor-element-8b62a0e elementor-widget elementor-widget-heading\" data-id=\"8b62a0e\" data-element_type=\"widget\" data-widget_type=\"heading.default\">\n\t\t\t\t\t<p class=\"elementor-heading-title elementor-size-default\">T\u00e3o importante quanto desenvolver um curr\u00edculo forte e uma metodologia de ensino inovadora, \u00e9 garantir que todas as outras camadas pedag\u00f3gicas e operacionais da escola colaborem para a cria\u00e7\u00e3o de um ecossistema \u00edmpar, focado em proporcionar a melhor experi\u00eancia para alunos, fam\u00edlia e corpo docente.<\/p>\t\t\t\t<\/div>\n\t\t\t\t<div class=\"elementor-element elementor-element-e0f57ab elementor-widget elementor-widget-heading\" data-id=\"e0f57ab\" data-element_type=\"widget\" data-widget_type=\"heading.default\">\n\t\t\t\t\t<h3 class=\"elementor-heading-title elementor-size-default\">Confira um pouco do que preparamos:<\/h3>\t\t\t\t<\/div>\n\t\t\t\t\t<\/div>\n\t\t\t\t<\/div>\n\t\t<div class=\"elementor-element elementor-element-7aecb99 e-flex e-con-boxed e-con e-child\" data-id=\"7aecb99\" data-element_type=\"container\" data-settings=\"{&quot;background_background&quot;:&quot;classic&quot;}\">\n\t\t\t\t\t<div class=\"e-con-inner\">\n\t\t<div class=\"elementor-element elementor-element-239ab2d e-con-full e-flex e-con e-child\" data-id=\"239ab2d\" data-element_type=\"container\">\n\t\t\t\t<div class=\"elementor-element elementor-element-f8629a6 elementor-widget elementor-widget-heading\" data-id=\"f8629a6\" data-element_type=\"widget\" data-widget_type=\"heading.default\">\n\t\t\t\t\t<h2 class=\"elementor-heading-title elementor-size-default\">Excel\u00eancia em gest\u00e3o escolar<\/h2>\t\t\t\t<\/div>\n\t\t\t\t<div class=\"elementor-element elementor-element-41996ad elementor-widget elementor-widget-heading\" data-id=\"41996ad\" data-element_type=\"widget\" data-widget_type=\"heading.default\">\n\t\t\t\t\t<p class=\"elementor-heading-title elementor-size-default\">Com um olhar 360\u00ba para a gest\u00e3o escolar e acad\u00eamica, queremos garantir suporte desde a sa\u00fade financeira da escola at\u00e9 a integra\u00e7\u00e3o e a moderniza\u00e7\u00e3o de processos acad\u00eamicos e de secretaria.<\/p>\t\t\t\t<\/div>\n\t\t\t\t<div class=\"elementor-element elementor-element-f2c9930 elementor-widget elementor-widget-heading\" data-id=\"f2c9930\" data-element_type=\"widget\" data-widget_type=\"heading.default\">\n\t\t\t\t\t<p class=\"elementor-heading-title elementor-size-default\">Al\u00e9m disso, n\u00e3o deixamos de olhar para as pessoas, com forma\u00e7\u00f5es e treinamentos sobre gest\u00e3o e lideran\u00e7a dentro do calend\u00e1rio anual.<\/p>\t\t\t\t<\/div>\n\t\t\t\t<\/div>\n\t\t<div class=\"elementor-element elementor-element-ab50ad9 e-con-full e-flex e-con e-child\" data-id=\"ab50ad9\" data-element_type=\"container\">\n\t\t\t\t<div class=\"elementor-element elementor-element-dfb1e1d elementor-widget elementor-widget-image\" data-id=\"dfb1e1d\" data-element_type=\"widget\" data-widget_type=\"image.default\">\n\t\t\t\t\t\t\t\t\t\t\t\t\t\t\t<img decoding=\"async\" width=\"800\" height=\"715\" src=\"https:\/\/startangloschool.com.br\/wp-content\/uploads\/2025\/12\/start_anglo15.webp\" class=\"attachment-large size-large wp-image-107\" alt=\"\" srcset=\"https:\/\/startangloschool.com.br\/wp-content\/uploads\/2025\/12\/start_anglo15.webp 832w, https:\/\/startangloschool.com.br\/wp-content\/uploads\/2025\/12\/start_anglo15-300x268.webp 300w, https:\/\/startangloschool.com.br\/wp-content\/uploads\/2025\/12\/start_anglo15-768x687.webp 768w\" sizes=\"(max-width: 800px) 100vw, 800px\" \/>\t\t\t\t\t\t\t\t\t\t\t\t\t\t\t<\/div>\n\t\t\t\t<\/div>\n\t\t\t\t\t<\/div>\n\t\t\t\t<\/div>\n\t\t\t\t<div class=\"elementor-element elementor-element-3b7e677 elementor-absolute elementor-hidden-tablet elementor-hidden-mobile elementor-widget elementor-widget-image\" data-id=\"3b7e677\" data-element_type=\"widget\" data-settings=\"{&quot;_position&quot;:&quot;absolute&quot;}\" data-widget_type=\"image.default\">\n\t\t\t\t\t\t\t\t\t\t\t\t\t\t\t<img loading=\"lazy\" decoding=\"async\" width=\"351\" height=\"347\" src=\"https:\/\/startangloschool.com.br\/wp-content\/uploads\/2025\/12\/start_anglo18.png\" class=\"attachment-large size-large wp-image-113\" alt=\"\" srcset=\"https:\/\/startangloschool.com.br\/wp-content\/uploads\/2025\/12\/start_anglo18.png 351w, https:\/\/startangloschool.com.br\/wp-content\/uploads\/2025\/12\/start_anglo18-300x297.png 300w\" sizes=\"(max-width: 351px) 100vw, 351px\" \/>\t\t\t\t\t\t\t\t\t\t\t\t\t\t\t<\/div>\n\t\t\t\t<\/div>\n\t\t<div class=\"elementor-element elementor-element-51b3368 e-flex e-con-boxed e-con e-parent\" data-id=\"51b3368\" data-element_type=\"container\">\n\t\t\t\t\t<div class=\"e-con-inner\">\n\t\t<div class=\"elementor-element elementor-element-11966a7 e-con-full e-flex e-con e-child\" data-id=\"11966a7\" data-element_type=\"container\">\n\t\t<div class=\"elementor-element elementor-element-978a3da e-con-full e-flex e-con e-child\" data-id=\"978a3da\" data-element_type=\"container\">\n\t\t\t\t<div class=\"elementor-element elementor-element-0ecc2c0 elementor-widget elementor-widget-image\" data-id=\"0ecc2c0\" data-element_type=\"widget\" data-widget_type=\"image.default\">\n\t\t\t\t\t\t\t\t\t\t\t\t\t\t\t<img loading=\"lazy\" decoding=\"async\" width=\"800\" height=\"790\" src=\"https:\/\/startangloschool.com.br\/wp-content\/uploads\/2025\/12\/start_anglo16-1024x1011.png\" class=\"attachment-large size-large wp-image-108\" alt=\"\" srcset=\"https:\/\/startangloschool.com.br\/wp-content\/uploads\/2025\/12\/start_anglo16-1024x1011.png 1024w, https:\/\/startangloschool.com.br\/wp-content\/uploads\/2025\/12\/start_anglo16-300x296.png 300w, https:\/\/startangloschool.com.br\/wp-content\/uploads\/2025\/12\/start_anglo16-768x759.png 768w, https:\/\/startangloschool.com.br\/wp-content\/uploads\/2025\/12\/start_anglo16.png 1536w\" sizes=\"(max-width: 800px) 100vw, 800px\" \/>\t\t\t\t\t\t\t\t\t\t\t\t\t\t\t<\/div>\n\t\t\t\t<\/div>\n\t\t<div class=\"elementor-element elementor-element-d043893 e-con-full e-flex e-con e-child\" data-id=\"d043893\" data-element_type=\"container\">\n\t\t\t\t<div class=\"elementor-element elementor-element-66310c1 elementor-widget elementor-widget-heading\" data-id=\"66310c1\" data-element_type=\"widget\" data-widget_type=\"heading.default\">\n\t\t\t\t\t<h2 class=\"elementor-heading-title elementor-size-default\">Excel\u00eancia em gest\u00e3o pedag\u00f3gica<\/h2>\t\t\t\t<\/div>\n\t\t\t\t<div class=\"elementor-element elementor-element-b2fe508 elementor-widget elementor-widget-heading\" data-id=\"b2fe508\" data-element_type=\"widget\" data-widget_type=\"heading.default\">\n\t\t\t\t\t<p class=\"elementor-heading-title elementor-size-default\">Para garantir que a excel\u00eancia no ensino para nossos alunos, investimos muito na forma\u00e7\u00e3o do principal agente de transforma\u00e7\u00e3o dentro de sala de aula: o professor.<\/p>\t\t\t\t<\/div>\n\t\t\t\t<div class=\"elementor-element elementor-element-4c66fc9 elementor-widget elementor-widget-heading\" data-id=\"4c66fc9\" data-element_type=\"widget\" data-widget_type=\"heading.default\">\n\t\t\t\t\t<p class=\"elementor-heading-title elementor-size-default\">Para garantir que a excel\u00eancia no ensino para nossos alunos, investimos muito na forma\u00e7\u00e3o do principal agente de transforma\u00e7\u00e3o dentro de sala de aula: o professor.<\/p>\t\t\t\t<\/div>\n\t\t\t\t<\/div>\n\t\t\t\t<\/div>\n\t\t\t\t<div class=\"elementor-element elementor-element-085b71e elementor-widget elementor-widget-heading\" data-id=\"085b71e\" data-element_type=\"widget\" data-widget_type=\"heading.default\">\n\t\t\t\t\t<p class=\"elementor-heading-title elementor-size-default\">Al\u00e9m da forma\u00e7\u00e3o exclusiva em ensino bil\u00edngue, oferecemos aos professores a oportunidade de prestarem, ao final do ano, o exame da LangCert de n\u00edvel B2, que avalia a profici\u00eancia em ingl\u00eas. O exame \u00e9 aplicado de forma remota e tem validade em universidades de mais de 80 pa\u00edses, incluindo Reino Unido e Estados Unidos.<\/p>\t\t\t\t<\/div>\n\t\t\t\t<div class=\"elementor-element elementor-element-7d149a6 elementor-widget elementor-widget-image\" data-id=\"7d149a6\" data-element_type=\"widget\" data-widget_type=\"image.default\">\n\t\t\t\t\t\t\t\t\t\t\t\t\t\t\t<img loading=\"lazy\" decoding=\"async\" width=\"271\" height=\"111\" src=\"https:\/\/startangloschool.com.br\/wp-content\/uploads\/2025\/12\/start_anglo17.png\" class=\"attachment-large size-large wp-image-111\" alt=\"\" \/>\t\t\t\t\t\t\t\t\t\t\t\t\t\t\t<\/div>\n\t\t\t\t\t<\/div>\n\t\t\t\t<\/div>\n\t\t<div class=\"elementor-element elementor-element-e74e9cb e-flex e-con-boxed e-con e-parent\" data-id=\"e74e9cb\" data-element_type=\"container\" id=\"marketing\" data-settings=\"{&quot;background_background&quot;:&quot;classic&quot;}\">\n\t\t\t\t\t<div class=\"e-con-inner\">\n\t\t<div class=\"elementor-element elementor-element-4c15d38 e-con-full e-flex e-con e-child\" data-id=\"4c15d38\" data-element_type=\"container\">\n\t\t\t\t<div class=\"elementor-element elementor-element-cd08604 elementor-widget elementor-widget-heading\" data-id=\"cd08604\" data-element_type=\"widget\" data-widget_type=\"heading.default\">\n\t\t\t\t\t<h2 class=\"elementor-heading-title elementor-size-default\">Excel\u00eancia em gest\u00e3o de marketing e capta\u00e7\u00e3o de alunos<\/h2>\t\t\t\t<\/div>\n\t\t\t\t<div class=\"elementor-element elementor-element-fd69035 elementor-widget elementor-widget-heading\" data-id=\"fd69035\" data-element_type=\"widget\" data-widget_type=\"heading.default\">\n\t\t\t\t\t<p class=\"elementor-heading-title elementor-size-default\">Al\u00e9m da gest\u00e3o de marca perante o mercado, garantindo que cada vez mais fam\u00edlias e alunos conhe\u00e7am as escolas Start Anglo, cuidamos para que nossas escolas tenham acesso a uma camada completa de servi\u00e7os de marketing, desde a campanha de lan\u00e7amento da nova escola, passando por jornadas de treinamento, at\u00e9 a assessoria e a campanha de matr\u00edculas e de rematr\u00edculas.<\/p>\t\t\t\t<\/div>\n\t\t\t\t<\/div>\n\t\t<div class=\"elementor-element elementor-element-0b1b81a e-con-full e-flex e-con e-child\" data-id=\"0b1b81a\" data-element_type=\"container\">\n\t\t\t\t<div class=\"elementor-element elementor-element-b197f5d elementor-widget elementor-widget-image\" data-id=\"b197f5d\" data-element_type=\"widget\" data-widget_type=\"image.default\">\n\t\t\t\t\t\t\t\t\t\t\t\t\t\t\t<img loading=\"lazy\" decoding=\"async\" width=\"800\" height=\"494\" src=\"https:\/\/startangloschool.com.br\/wp-content\/uploads\/2025\/12\/start_anglo17.webp\" class=\"attachment-large size-large wp-image-112\" alt=\"\" srcset=\"https:\/\/startangloschool.com.br\/wp-content\/uploads\/2025\/12\/start_anglo17.webp 853w, https:\/\/startangloschool.com.br\/wp-content\/uploads\/2025\/12\/start_anglo17-300x185.webp 300w, https:\/\/startangloschool.com.br\/wp-content\/uploads\/2025\/12\/start_anglo17-768x474.webp 768w\" sizes=\"(max-width: 800px) 100vw, 800px\" \/>\t\t\t\t\t\t\t\t\t\t\t\t\t\t\t<\/div>\n\t\t\t\t<\/div>\n\t\t\t\t\t<\/div>\n\t\t\t\t<\/div>\n\t\t\t\t<\/div>\n\t\t","protected":false},"excerpt":{"rendered":"<p>GEST\u00c3O PARA ESCOLAS T\u00e3o importante quanto desenvolver um curr\u00edculo forte e uma metodologia de ensino inovadora, \u00e9 garantir que todas as outras camadas pedag\u00f3gicas e operacionais da escola colaborem para a cria\u00e7\u00e3o de um ecossistema \u00edmpar, focado em proporcionar a melhor experi\u00eancia para alunos, fam\u00edlia e corpo docente. Confira um pouco do que preparamos: Excel\u00eancia [&hellip;]<\/p>\n","protected":false},"author":3,"featured_media":0,"parent":0,"menu_order":0,"comment_status":"closed","ping_status":"closed","template":"","meta":{"footnotes":""},"class_list":["post-104","page","type-page","status-publish","hentry"],"featured_image_src":null,"featured_image_src_square":null,"_links":{"self":[{"href":"https:\/\/startangloschool.com.br\/index.php?rest_route=\/wp\/v2\/pages\/104","targetHints":{"allow":["GET"]}}],"collection":[{"href":"https:\/\/startangloschool.com.br\/index.php?rest_route=\/wp\/v2\/pages"}],"about":[{"href":"https:\/\/startangloschool.com.br\/index.php?rest_route=\/wp\/v2\/types\/page"}],"author":[{"embeddable":true,"href":"https:\/\/startangloschool.com.br\/index.php?rest_route=\/wp\/v2\/users\/3"}],"replies":[{"embeddable":true,"href":"https:\/\/startangloschool.com.br\/index.php?rest_route=%2Fwp%2Fv2%2Fcomments&post=104"}],"version-history":[{"count":0,"href":"https:\/\/startangloschool.com.br\/index.php?rest_route=\/wp\/v2\/pages\/104\/revisions"}],"wp:attachment":[{"href":"https:\/\/startangloschool.com.br\/index.php?rest_route=%2Fwp%2Fv2%2Fmedia&parent=104"}],"curies":[{"name":"wp","href":"https:\/\/api.w.org\/{rel}","templated":true}]}}